{"id":91,"date":"2014-07-29T10:16:47","date_gmt":"2014-07-29T09:16:47","guid":{"rendered":"http:\/\/www.pletnabled.si\/?page_id=91"},"modified":"2021-07-26T11:21:50","modified_gmt":"2021-07-26T10:21:50","slug":"bled-3","status":"publish","type":"page","link":"https:\/\/www.pletnabled.si\/de\/bled-3\/","title":{"rendered":"BLED"},"content":{"rendered":"<p>[et_pb_section fb_built=&#8220;1&#8243; fullwidth=&#8220;on&#8220; admin_label=&#8220;section&#8220; _builder_version=&#8220;3.22&#8243; background_color=&#8220;#c13927&#8243; transparent_background=&#8220;off&#8220; make_fullwidth=&#8220;off&#8220; use_custom_width=&#8220;off&#8220; width_unit=&#8220;on&#8220;][et_pb_fullwidth_header title=&#8220;BLED&#8220; subhead=&#8220;Bled mit Umgebung ist einer der sch\u00f6nsten Alpenferienorte, bekannt durch ein mildes Klima und heilendes Thermalseewasser. &#8220; content_max_width=&#8220;none&#8220; admin_label=&#8220;Fullwidth Header&#8220; _builder_version=&#8220;3.16&#8243; background_color=&#8220;rgba(255, 255, 255, 0)&#8220; button_one_text_size__hover_enabled=&#8220;off&#8220; button_two_text_size__hover_enabled=&#8220;off&#8220; button_one_text_color__hover_enabled=&#8220;off&#8220; button_two_text_color__hover_enabled=&#8220;off&#8220; button_one_border_width__hover_enabled=&#8220;off&#8220; button_two_border_width__hover_enabled=&#8220;off&#8220; button_one_border_color__hover_enabled=&#8220;off&#8220; button_two_border_color__hover_enabled=&#8220;off&#8220; button_one_border_radius__hover_enabled=&#8220;off&#8220; button_two_border_radius__hover_enabled=&#8220;off&#8220; button_one_letter_spacing__hover_enabled=&#8220;off&#8220; button_two_letter_spacing__hover_enabled=&#8220;off&#8220; button_one_bg_color__hover_enabled=&#8220;off&#8220; button_two_bg_color__hover_enabled=&#8220;off&#8220;][\/et_pb_fullwidth_header][et_pb_fullwidth_slider admin_label=&#8220;Fullwidth Slider&#8220; _builder_version=&#8220;3.16&#8243; custom_padding=&#8220;|||&#8220; custom_padding_tablet=&#8220;|||&#8220; custom_padding_phone=&#8220;|||&#8220; box_shadow_style=&#8220;preset6&#8243; box_shadow_blur=&#8220;10px&#8220; box_shadow_color=&#8220;rgba(0,0,0,0.1)&#8220; show_inner_shadow=&#8220;on&#8220; button_text_size__hover_enabled=&#8220;off&#8220; button_one_text_size__hover_enabled=&#8220;off&#8220; button_two_text_size__hover_enabled=&#8220;off&#8220; button_text_color__hover_enabled=&#8220;off&#8220; button_one_text_color__hover_enabled=&#8220;off&#8220; button_two_text_color__hover_enabled=&#8220;off&#8220; button_border_width__hover_enabled=&#8220;off&#8220; button_one_border_width__hover_enabled=&#8220;off&#8220; button_two_border_width__hover_enabled=&#8220;off&#8220; button_border_color__hover_enabled=&#8220;off&#8220; button_one_border_color__hover_enabled=&#8220;off&#8220; button_two_border_color__hover_enabled=&#8220;off&#8220; button_border_radius__hover_enabled=&#8220;off&#8220; button_one_border_radius__hover_enabled=&#8220;off&#8220; button_two_border_radius__hover_enabled=&#8220;off&#8220; button_letter_spacing__hover_enabled=&#8220;off&#8220; button_one_letter_spacing__hover_enabled=&#8220;off&#8220; button_two_letter_spacing__hover_enabled=&#8220;off&#8220; button_bg_color__hover_enabled=&#8220;off&#8220; button_one_bg_color__hover_enabled=&#8220;off&#8220; button_two_bg_color__hover_enabled=&#8220;off&#8220;][et_pb_slide _builder_version=&#8220;3.16&#8243; background_color=&#8220;#ffffff&#8220; background_image=&#8220;http:\/\/www.pletnabled.si\/wp-content\/uploads\/2014\/07\/slider-pletna.png&#8220; sticky_transition=&#8220;on&#8220; button_text_size__hover_enabled=&#8220;off&#8220; button_one_text_size__hover_enabled=&#8220;off&#8220; button_two_text_size__hover_enabled=&#8220;off&#8220; button_text_color__hover_enabled=&#8220;off&#8220; button_one_text_color__hover_enabled=&#8220;off&#8220; button_two_text_color__hover_enabled=&#8220;off&#8220; button_border_width__hover_enabled=&#8220;off&#8220; button_one_border_width__hover_enabled=&#8220;off&#8220; button_two_border_width__hover_enabled=&#8220;off&#8220; button_border_color__hover_enabled=&#8220;off&#8220; button_one_border_color__hover_enabled=&#8220;off&#8220; button_two_border_color__hover_enabled=&#8220;off&#8220; button_border_radius__hover_enabled=&#8220;off&#8220; button_one_border_radius__hover_enabled=&#8220;off&#8220; button_two_border_radius__hover_enabled=&#8220;off&#8220; button_letter_spacing__hover_enabled=&#8220;off&#8220; button_one_letter_spacing__hover_enabled=&#8220;off&#8220; button_two_letter_spacing__hover_enabled=&#8220;off&#8220; button_bg_color__hover_enabled=&#8220;off&#8220; button_one_bg_color__hover_enabled=&#8220;off&#8220; button_two_bg_color__hover_enabled=&#8220;off&#8220;][\/et_pb_slide][\/et_pb_fullwidth_slider][\/et_pb_section][et_pb_section fb_built=&#8220;1&#8243; admin_label=&#8220;section&#8220; _builder_version=&#8220;3.22&#8243; background_color=&#8220;#faf4e8&#8243; transparent_background=&#8220;off&#8220; make_fullwidth=&#8220;off&#8220; use_custom_width=&#8220;off&#8220; width_unit=&#8220;on&#8220;][et_pb_row admin_label=&#8220;row&#8220; _builder_version=&#8220;3.25&#8243; background_size=&#8220;initial&#8220; background_position=&#8220;top_left&#8220; background_repeat=&#8220;repeat&#8220; column_structure=&#8220;1_2,1_2&#8243;][et_pb_column type=&#8220;1_2&#8243; _builder_version=&#8220;3.25&#8243; custom_padding=&#8220;|||&#8220; custom_padding__hover=&#8220;|||&#8220;][et_pb_image src=&#8220;http:\/\/www.pletnabled.si\/wp-content\/uploads\/2014\/07\/ozadje-LMB.png&#8220; align_tablet=&#8220;center&#8220; align_last_edited=&#8220;on|desktop&#8220; admin_label=&#8220;Image&#8220; _builder_version=&#8220;3.23&#8243; animation_style=&#8220;slide&#8220; animation_direction=&#8220;left&#8220; animation_duration=&#8220;500ms&#8220; animation_intensity_slide=&#8220;10%&#8220; animation=&#8220;left&#8220; sticky=&#8220;off&#8220;][\/et_pb_image][et_pb_image src=&#8220;http:\/\/www.pletnabled.si\/wp-content\/uploads\/2014\/07\/Panorama-Bled-001.jpg&#8220; align_tablet=&#8220;center&#8220; align_last_edited=&#8220;on|desktop&#8220; admin_label=&#8220;Image&#8220; _builder_version=&#8220;3.23&#8243; animation_style=&#8220;slide&#8220; animation_direction=&#8220;left&#8220; animation_duration=&#8220;500ms&#8220; animation_intensity_slide=&#8220;10%&#8220; animation=&#8220;left&#8220; sticky=&#8220;off&#8220;][\/et_pb_image][\/et_pb_column][et_pb_column type=&#8220;1_2&#8243; _builder_version=&#8220;3.25&#8243; custom_padding=&#8220;|||&#8220; custom_padding__hover=&#8220;|||&#8220;][et_pb_text admin_label=&#8220;Text&#8220; _builder_version=&#8220;3.27.4&#8243; background_size=&#8220;initial&#8220; background_position=&#8220;top_left&#8220; background_repeat=&#8220;repeat&#8220;]Bled mit Umgebung ist einer der sch\u00f6nsten Alpenferienorte, bekannt durch ein mildes Klima und heilendes Thermalseewasser. Die Sch\u00f6nheit der sich im Seewasser widerspiegelnden Bergen, Sonne, Stille und frische Luft stellen zu jeder Jahreszeit ideale Voraussetzungen f\u00fcr eine angehme Erholung oder aktive Ferien. Bled lockt sowohl Gesch\u00e4ftsleute, K\u00fcnstler und Sportler, als auch Forscher und Freisportler. Bled hat noch keinen Besucher unber\u00fchrt gelassen. Alt und Jung aus der ganzen Welt kehrt immer wieder zur\u00fcck, um sich von seinen Sch\u00f6nheiten aufs Neue entz\u00fccken zu lassen.<\/p>\n<p><strong>Allgemeines<\/strong><\/p>\n<p>Meeresh\u00f6he:<br \/>\nBled 501 m, Schlo\u00df 604 m, Stra\u017ea 646 m<br \/>\nEinwohnerzahl: 5476<br \/>\nZahl der Betten: 4000<br \/>\nSee: Meeresh\u00f6he 475 m, L\u00e4nge 2120 m, Breite 1380 m, Fl\u00e4che 144 ha, max. Tiefe 30,6 m, max. Wassertemperatur im Sommer: 24\u00baC.<\/p>\n<p><strong>\u00dcber das Thermalwasser<\/strong><\/p>\n<p>Das Thermalwasser, das in den Hallenb\u00e4dern von Grand Hotel Toplice (23\u00baC), Hotel Park und Hotel Golf (28\u00baC, das Wasser wird zus\u00e4tzlich erw\u00e4rmt) verwendet wird, erm\u00f6glicht neben angenehmem Baden auch die erfolgreiche Heilung von stressbedingten Krankheiten, Ersch\u00f6pfungszust\u00e4nden und neurovegetativen St\u00f6rungen. Die von Prof. Dr. V. Kletzinski durchgef\u00fchrte Analyse des Thermalwassers ergab: Die konstante Quellentemperatur betr\u00e4gt 23\u00baC; 10 l Wasser enth\u00e4lt 1520 ccm freie Kohlens\u00e4ure und 5,36 g der Salze Chlornatrium (0,12 g), Natriumsulfats\u00e4ure (0,57 g), Natriumkarbonats\u00e4ure (0,30 g), Kalziumkarbonats\u00e4ure (2,31 g), Magnesiumkarbonats\u00e4ure, Kohlenstoff-Ferrooxyds\u00e4ure, Kiesels\u00e4ure, Lehm, Phosphorsalz, Mangan u. a.<\/p>\n<p><strong>\u00dcber das Klima<\/strong><\/p>\n<p>Bled zeichnet sich durch ein mildes, gesundes, subalpines Klima aus und hat im Vergleich zu anderen Alpenkurorten die l\u00e4ngste Badesaison. Die Gipfel der umliegenden Julischen Alpen und Karawanken sch\u00fctzen den Ort vor kalten Nordwinden. W\u00e4hrend der Saison gibt es keinen Nebel. Die Durchschnittstemperatur im Juli betr\u00e4gt 18,7\u00baC und im Januar \u20131,2\u00baC.<br \/>\n[\/et_pb_text][\/et_pb_column][\/et_pb_row][et_pb_row admin_label=&#8220;row&#8220; _builder_version=&#8220;3.25&#8243; background_size=&#8220;initial&#8220; background_position=&#8220;top_left&#8220; background_repeat=&#8220;repeat&#8220;][et_pb_column type=&#8220;4_4&#8243; _builder_version=&#8220;3.25&#8243; custom_padding=&#8220;|||&#8220; custom_padding__hover=&#8220;|||&#8220;][et_pb_button button_text=&#8220;Anfrage senden&#8220; _builder_version=&#8220;4.9.10&#8243; _module_preset=&#8220;default&#8220; button_url=&#8220;https:\/\/www.pletnabled.si\/de\/jetzt-buchen\/&#8220; hover_enabled=&#8220;0&#8243; sticky_enabled=&#8220;0&#8243; button_alignment=&#8220;center&#8220; custom_button=&#8220;on&#8220; button_text_color=&#8220;#FFFFFF&#8220; button_bg_color=&#8220;#c32827&#8243; button_bg_enable_color=&#8220;on&#8220; button_border_color=&#8220;#c32827&#8243; button_border_radius=&#8220;7px&#8220; locked=&#8220;off&#8220;][\/et_pb_button][\/et_pb_column][\/et_pb_row][et_pb_row admin_label=&#8220;Row&#8220; _builder_version=&#8220;3.25&#8243; background_size=&#8220;initial&#8220; background_position=&#8220;top_left&#8220; background_repeat=&#8220;repeat&#8220;][et_pb_column type=&#8220;4_4&#8243; _builder_version=&#8220;3.25&#8243; custom_padding=&#8220;|||&#8220; custom_padding__hover=&#8220;|||&#8220;][et_pb_divider color=&#8220;#eaeaea&#8220; disabled_on=&#8220;on|on|off&#8220; admin_label=&#8220;Divider&#8220; _builder_version=&#8220;3.2&#8243; hide_on_mobile=&#8220;on&#8220;][\/et_pb_divider][\/et_pb_column][\/et_pb_row][et_pb_row admin_label=&#8220;Row&#8220; _builder_version=&#8220;3.25&#8243; background_size=&#8220;initial&#8220; background_position=&#8220;top_left&#8220; background_repeat=&#8220;repeat&#8220;][et_pb_column type=&#8220;4_4&#8243; _builder_version=&#8220;3.25&#8243; custom_padding=&#8220;|||&#8220; custom_padding__hover=&#8220;|||&#8220;][et_pb_image src=&#8220;http:\/\/www.pletnabled.si\/wp-content\/uploads\/2017\/05\/logo-pr-matjon-227-120.png&#8220; align=&#8220;center&#8220; align_tablet=&#8220;center&#8220; align_last_edited=&#8220;on|desktop&#8220; admin_label=&#8220;Image&#8220; _builder_version=&#8220;3.23&#8243; animation_style=&#8220;slide&#8220; animation_direction=&#8220;left&#8220; animation_duration=&#8220;500ms&#8220; animation_intensity_slide=&#8220;10%&#8220; animation=&#8220;left&#8220; sticky=&#8220;off&#8220; use_border_color=&#8220;off&#8220; border_color=&#8220;#ffffff&#8220; border_style=&#8220;solid&#8220; always_center_on_mobile=&#8220;on&#8220;][\/et_pb_image][et_pb_text admin_label=&#8220;Text&#8220; _builder_version=&#8220;3.27.4&#8243; background_size=&#8220;initial&#8220; background_position=&#8220;top_left&#8220; background_repeat=&#8220;repeat&#8220; use_border_color=&#8220;off&#8220; border_color=&#8220;#ffffff&#8220; border_style=&#8220;solid&#8220;]<\/p>\n<div class=\"contact\">\n<h3 style=\"text-align: center;\">PR\u2019MATJON<\/h3>\n<p style=\"text-align: center;\">SI-4260 Bled | Selo pri Bledu 35 | Slovenija | Evropa<\/p>\n<\/div>\n<p style=\"text-align: center;\">Telefon: +386 (0)41 76 80 54 Brigita | +386 (0)41 67 92 09 Janez<br \/> <a class=\"email\" href=\"mailto:info@pazlar-bled.com\">info@pazlar-bled.com<\/a><\/p>\n<p>[\/et_pb_text][\/et_pb_column][\/et_pb_row][\/et_pb_section]<\/p>\n","protected":false},"excerpt":{"rendered":"<p>Bled mit Umgebung ist einer der sch\u00f6nsten Alpenferienorte, bekannt durch ein mildes Klima und heilendes Thermalseewasser. Die Sch\u00f6nheit der sich im Seewasser widerspiegelnden Bergen, Sonne, Stille und frische Luft stellen zu jeder Jahreszeit ideale Voraussetzungen f\u00fcr eine angehme Erholung oder aktive Ferien. Bled lockt sowohl Gesch\u00e4ftsleute, K\u00fcnstler und Sportler, als auch Forscher und Freisportler. Bled [&hellip;]<\/p>\n","protected":false},"author":1,"featured_media":0,"parent":0,"menu_order":0,"comment_status":"closed","ping_status":"closed","template":"","meta":{"_et_pb_use_builder":"on","_et_pb_old_content":"","_et_gb_content_width":"","footnotes":""},"class_list":["post-91","page","type-page","status-publish","hentry"],"aioseo_notices":[],"_links":{"self":[{"href":"https:\/\/www.pletnabled.si\/de\/wp-json\/wp\/v2\/pages\/91"}],"collection":[{"href":"https:\/\/www.pletnabled.si\/de\/wp-json\/wp\/v2\/pages"}],"about":[{"href":"https:\/\/www.pletnabled.si\/de\/wp-json\/wp\/v2\/types\/page"}],"author":[{"embeddable":true,"href":"https:\/\/www.pletnabled.si\/de\/wp-json\/wp\/v2\/users\/1"}],"replies":[{"embeddable":true,"href":"https:\/\/www.pletnabled.si\/de\/wp-json\/wp\/v2\/comments?post=91"}],"version-history":[{"count":6,"href":"https:\/\/www.pletnabled.si\/de\/wp-json\/wp\/v2\/pages\/91\/revisions"}],"predecessor-version":[{"id":378,"href":"https:\/\/www.pletnabled.si\/de\/wp-json\/wp\/v2\/pages\/91\/revisions\/378"}],"wp:attachment":[{"href":"https:\/\/www.pletnabled.si\/de\/wp-json\/wp\/v2\/media?parent=91"}],"curies":[{"name":"wp","href":"https:\/\/api.w.org\/{rel}","templated":true}]}}