{"id":83,"date":"2014-07-29T10:15:42","date_gmt":"2014-07-29T09:15:42","guid":{"rendered":"http:\/\/www.pletnabled.si\/?page_id=83"},"modified":"2021-07-26T11:11:22","modified_gmt":"2021-07-26T10:11:22","slug":"bled","status":"publish","type":"page","link":"https:\/\/www.pletnabled.si\/sl\/bled\/","title":{"rendered":"BLED"},"content":{"rendered":"<p>[et_pb_section fb_built=&#8221;1&#8243; fullwidth=&#8221;on&#8221; admin_label=&#8221;section&#8221; _builder_version=&#8221;3.22&#8243; background_color=&#8221;#c13927&#8243; transparent_background=&#8221;off&#8221; make_fullwidth=&#8221;off&#8221; use_custom_width=&#8221;off&#8221; width_unit=&#8221;on&#8221;][et_pb_fullwidth_header title=&#8221;BLED&#8221; subhead=&#8221;Bled z okolico in naravnimi lepotami je eno najlep\u0161ih alpskih letovi\u0161\u010d, zna\u010dilno po blagem, zdravilnem podnebju in termalni jezerski vodi&#8221; content_max_width=&#8221;none&#8221; admin_label=&#8221;Fullwidth Header&#8221; _builder_version=&#8221;3.16&#8243; background_color=&#8221;rgba(255, 255, 255, 0)&#8221; button_one_text_size__hover_enabled=&#8221;off&#8221; button_two_text_size__hover_enabled=&#8221;off&#8221; button_one_text_color__hover_enabled=&#8221;off&#8221; button_two_text_color__hover_enabled=&#8221;off&#8221; button_one_border_width__hover_enabled=&#8221;off&#8221; button_two_border_width__hover_enabled=&#8221;off&#8221; button_one_border_color__hover_enabled=&#8221;off&#8221; button_two_border_color__hover_enabled=&#8221;off&#8221; button_one_border_radius__hover_enabled=&#8221;off&#8221; button_two_border_radius__hover_enabled=&#8221;off&#8221; button_one_letter_spacing__hover_enabled=&#8221;off&#8221; button_two_letter_spacing__hover_enabled=&#8221;off&#8221; button_one_bg_color__hover_enabled=&#8221;off&#8221; button_two_bg_color__hover_enabled=&#8221;off&#8221;][\/et_pb_fullwidth_header][et_pb_fullwidth_slider admin_label=&#8221;Fullwidth Slider&#8221; _builder_version=&#8221;3.16&#8243; custom_padding=&#8221;|||&#8221; custom_padding_tablet=&#8221;|||&#8221; custom_padding_phone=&#8221;|||&#8221; box_shadow_style=&#8221;preset6&#8243; box_shadow_blur=&#8221;10px&#8221; box_shadow_color=&#8221;rgba(0,0,0,0.1)&#8221; show_inner_shadow=&#8221;on&#8221; button_text_size__hover_enabled=&#8221;off&#8221; button_one_text_size__hover_enabled=&#8221;off&#8221; button_two_text_size__hover_enabled=&#8221;off&#8221; button_text_color__hover_enabled=&#8221;off&#8221; button_one_text_color__hover_enabled=&#8221;off&#8221; button_two_text_color__hover_enabled=&#8221;off&#8221; button_border_width__hover_enabled=&#8221;off&#8221; button_one_border_width__hover_enabled=&#8221;off&#8221; button_two_border_width__hover_enabled=&#8221;off&#8221; button_border_color__hover_enabled=&#8221;off&#8221; button_one_border_color__hover_enabled=&#8221;off&#8221; button_two_border_color__hover_enabled=&#8221;off&#8221; button_border_radius__hover_enabled=&#8221;off&#8221; button_one_border_radius__hover_enabled=&#8221;off&#8221; button_two_border_radius__hover_enabled=&#8221;off&#8221; button_letter_spacing__hover_enabled=&#8221;off&#8221; button_one_letter_spacing__hover_enabled=&#8221;off&#8221; button_two_letter_spacing__hover_enabled=&#8221;off&#8221; button_bg_color__hover_enabled=&#8221;off&#8221; button_one_bg_color__hover_enabled=&#8221;off&#8221; button_two_bg_color__hover_enabled=&#8221;off&#8221;][et_pb_slide _builder_version=&#8221;3.16&#8243; background_color=&#8221;#ffffff&#8221; background_image=&#8221;http:\/\/www.pletnabled.si\/wp-content\/uploads\/2014\/07\/slider-pletna.png&#8221; button_text_size__hover_enabled=&#8221;off&#8221; button_one_text_size__hover_enabled=&#8221;off&#8221; button_two_text_size__hover_enabled=&#8221;off&#8221; button_text_color__hover_enabled=&#8221;off&#8221; button_one_text_color__hover_enabled=&#8221;off&#8221; button_two_text_color__hover_enabled=&#8221;off&#8221; button_border_width__hover_enabled=&#8221;off&#8221; button_one_border_width__hover_enabled=&#8221;off&#8221; button_two_border_width__hover_enabled=&#8221;off&#8221; button_border_color__hover_enabled=&#8221;off&#8221; button_one_border_color__hover_enabled=&#8221;off&#8221; button_two_border_color__hover_enabled=&#8221;off&#8221; button_border_radius__hover_enabled=&#8221;off&#8221; button_one_border_radius__hover_enabled=&#8221;off&#8221; button_two_border_radius__hover_enabled=&#8221;off&#8221; button_letter_spacing__hover_enabled=&#8221;off&#8221; button_one_letter_spacing__hover_enabled=&#8221;off&#8221; button_two_letter_spacing__hover_enabled=&#8221;off&#8221; button_bg_color__hover_enabled=&#8221;off&#8221; button_one_bg_color__hover_enabled=&#8221;off&#8221; button_two_bg_color__hover_enabled=&#8221;off&#8221; sticky_transition=&#8221;on&#8221;][\/et_pb_slide][\/et_pb_fullwidth_slider][\/et_pb_section][et_pb_section fb_built=&#8221;1&#8243; admin_label=&#8221;section&#8221; _builder_version=&#8221;3.22&#8243; background_color=&#8221;#faf4e8&#8243; transparent_background=&#8221;off&#8221; make_fullwidth=&#8221;off&#8221; use_custom_width=&#8221;off&#8221; width_unit=&#8221;on&#8221;][et_pb_row column_structure=&#8221;1_2,1_2&#8243; admin_label=&#8221;row&#8221; _builder_version=&#8221;3.25&#8243; background_size=&#8221;initial&#8221; background_position=&#8221;top_left&#8221; background_repeat=&#8221;repeat&#8221;][et_pb_column type=&#8221;1_2&#8243; _builder_version=&#8221;3.25&#8243; custom_padding=&#8221;|||&#8221; custom_padding__hover=&#8221;|||&#8221;][et_pb_image src=&#8221;http:\/\/www.pletnabled.si\/wp-content\/uploads\/2014\/07\/ozadje-LMB.png&#8221; align_tablet=&#8221;center&#8221; align_phone=&#8221;&#8221; align_last_edited=&#8221;on|desktop&#8221; admin_label=&#8221;Image&#8221; _builder_version=&#8221;3.23&#8243; animation_style=&#8221;slide&#8221; animation_direction=&#8221;left&#8221; animation_duration=&#8221;500ms&#8221; animation_intensity_slide=&#8221;10%&#8221; animation=&#8221;left&#8221; sticky=&#8221;off&#8221; use_border_color=&#8221;off&#8221; border_color=&#8221;#ffffff&#8221; border_style=&#8221;solid&#8221; always_center_on_mobile=&#8221;on&#8221;][\/et_pb_image][et_pb_image src=&#8221;http:\/\/www.pletnabled.si\/wp-content\/uploads\/2014\/07\/Panorama-Bled-001.jpg&#8221; align_tablet=&#8221;center&#8221; align_phone=&#8221;&#8221; align_last_edited=&#8221;on|desktop&#8221; admin_label=&#8221;Image&#8221; _builder_version=&#8221;3.23&#8243; animation_style=&#8221;slide&#8221; animation_direction=&#8221;left&#8221; animation_duration=&#8221;500ms&#8221; animation_intensity_slide=&#8221;10%&#8221; animation=&#8221;left&#8221; sticky=&#8221;off&#8221;][\/et_pb_image][\/et_pb_column][et_pb_column type=&#8221;1_2&#8243; _builder_version=&#8221;3.25&#8243; custom_padding=&#8221;|||&#8221; custom_padding__hover=&#8221;|||&#8221;][et_pb_text admin_label=&#8221;Text&#8221; _builder_version=&#8221;3.27.4&#8243; background_size=&#8221;initial&#8221; background_position=&#8221;top_left&#8221; background_repeat=&#8221;repeat&#8221; use_border_color=&#8221;off&#8221; border_color=&#8221;#ffffff&#8221; border_style=&#8221;solid&#8221;]Bled z okolico in naravnimi lepotami je eno najlep\u0161ih alpskih letovi\u0161\u010d, zna\u010dilno po blagem, zdravilnem podnebju in termalni jezerski vodi. Lepota gora odseva v jezerski gladini, sonce, mir in sve\u017e zrak vzbujajo izredno prijetne ob\u010dutke obiskovalcev v vsakem letnem \u010dasu in zagotavljajo idealne razmere za prijeten oddih ali dejavne po\u010ditnice. Bled privablja poslovne\u017ee, umetnike, \u0161portnike, raziskovalce, rekreativce, stare in mlade, ljudi z vsega sveta. Z lepoto jih o\u010dara in prepri\u010da, da se vedno radi vra\u010dajo.<\/p>\n<p><strong>Osnovni podatki<\/strong><\/p>\n<p>Nadmorska vi\u0161ina 501m, vi\u0161ina grajskega hriba 604m, vi\u0161ina hriba Stra\u017ea 646m. \u0160tevilo prebivalcev 5.476. Turisti\u010dna zmogljivost 4.000 le\u017ei\u0161\u010d. Nadmorska vi\u0161ina jezera 475m, dol\u017eina 2.120 m, \u0161irina 1.380 m, povr\u0161ina 144ha, najve\u010dja globina 30,6 m, najvi\u0161ja letna temperatura vode je 26 \u00b0C.<\/p>\n<p><strong>Zdravilna voda<\/strong><\/p>\n<p>Termalni vrelci, ki so zajeti v treh plavalnih bazenih Grand hotela Toplice (23\u00b0C) in hotelov Park in Golf (28\u00b0 &#8211; voda je ogrevana), omogo\u010dajo poleg prijetnega kopanja tudi uspe\u0161no zdravljenje mened\u017eerskih bolezni, iz\u010drpanosti, nevrovegetativnih motenj in starostne onemoglosti. Analiza termalne vode v Grand hotelu Toplice po prof.dr. V. Kletzinskem: stalna temperatura izvira zna\u0161a 23\u00b0C. 10 litrov vode vsebuje 1520 ccm proste ogljikove kisline in 5,36 g izvirnih soli, ki se sestoje iz: kloronatrija 0,12g, natrij\u017eveplene kisline 0,57g, natrijogljikove kisline 0,30g, kalcijogljikove kisline 2,31g, magnezijogljikove kisline 1,16g, ogljikove \u017eelezooksidne kisline 0,44g, kremen\u010deve kisline 0,27g, ilovice, fosforne soli, mangana in drugega.<\/p>\n<p><strong>Podnebje<\/strong><\/p>\n<p>Bled ima blago, zdravo, subalpsko klimo z najdalj\u0161o kopalno sezono od vseh alpskih letovi\u0161\u010d. Z grebeni Julijskih Alp in Karavank je za\u0161\u010diten pred mrzlimi severnimi vetrovi. V sezonskih mesecih ni megle. Srednja mese\u010dna temperatura v juliju je +18,7\u00b0C, v januarju -1,2\u00b0C.<br \/>\n[\/et_pb_text][\/et_pb_column][\/et_pb_row][et_pb_row admin_label=&#8221;row&#8221; _builder_version=&#8221;3.25&#8243; background_size=&#8221;initial&#8221; background_position=&#8221;top_left&#8221; background_repeat=&#8221;repeat&#8221;][et_pb_column type=&#8221;4_4&#8243; _builder_version=&#8221;3.25&#8243; custom_padding=&#8221;|||&#8221; custom_padding__hover=&#8221;|||&#8221;][et_pb_button button_text=&#8221;Po\u0161ljite povpra\u0161evanje&#8221; _builder_version=&#8221;4.9.10&#8243; _module_preset=&#8221;default&#8221; button_url=&#8221;https:\/\/www.pletnabled.si\/sl\/rezervacija\/&#8221; hover_enabled=&#8221;0&#8243; sticky_enabled=&#8221;0&#8243; button_alignment=&#8221;center&#8221; custom_button=&#8221;on&#8221; button_text_color=&#8221;#FFFFFF&#8221; button_bg_color=&#8221;#c32827&#8243; button_bg_enable_color=&#8221;on&#8221; button_border_color=&#8221;#c32827&#8243; button_border_radius=&#8221;7px&#8221;][\/et_pb_button][\/et_pb_column][\/et_pb_row][et_pb_row admin_label=&#8221;Row&#8221; _builder_version=&#8221;3.25&#8243; background_size=&#8221;initial&#8221; background_position=&#8221;top_left&#8221; background_repeat=&#8221;repeat&#8221;][et_pb_column type=&#8221;4_4&#8243; _builder_version=&#8221;3.25&#8243; custom_padding=&#8221;|||&#8221; custom_padding__hover=&#8221;|||&#8221;][et_pb_divider color=&#8221;#eaeaea&#8221; disabled_on=&#8221;on|on|off&#8221; admin_label=&#8221;Divider&#8221; _builder_version=&#8221;3.2&#8243; hide_on_mobile=&#8221;on&#8221;][\/et_pb_divider][\/et_pb_column][\/et_pb_row][et_pb_row admin_label=&#8221;Row&#8221; _builder_version=&#8221;3.25&#8243; background_size=&#8221;initial&#8221; background_position=&#8221;top_left&#8221; background_repeat=&#8221;repeat&#8221;][et_pb_column type=&#8221;4_4&#8243; _builder_version=&#8221;3.25&#8243; custom_padding=&#8221;|||&#8221; custom_padding__hover=&#8221;|||&#8221;][et_pb_image src=&#8221;http:\/\/www.pletnabled.si\/wp-content\/uploads\/2017\/05\/logo-pr-matjon-227-120.png&#8221; align=&#8221;center&#8221; align_tablet=&#8221;center&#8221; align_phone=&#8221;&#8221; align_last_edited=&#8221;on|desktop&#8221; admin_label=&#8221;Image&#8221; _builder_version=&#8221;3.23&#8243; animation_style=&#8221;slide&#8221; animation_direction=&#8221;left&#8221; animation_duration=&#8221;500ms&#8221; animation_intensity_slide=&#8221;10%&#8221; animation=&#8221;left&#8221; sticky=&#8221;off&#8221; use_border_color=&#8221;off&#8221; border_color=&#8221;#ffffff&#8221; border_style=&#8221;solid&#8221; always_center_on_mobile=&#8221;on&#8221;][\/et_pb_image][et_pb_text admin_label=&#8221;Text&#8221; _builder_version=&#8221;3.27.4&#8243; background_size=&#8221;initial&#8221; background_position=&#8221;top_left&#8221; background_repeat=&#8221;repeat&#8221; use_border_color=&#8221;off&#8221; border_color=&#8221;#ffffff&#8221; border_style=&#8221;solid&#8221;]<\/p>\n<div class=\"contact\">\n<h3 style=\"text-align: center;\">PR\u2019MATJON<\/h3>\n<p style=\"text-align: center;\">SI-4260 Bled | Selo pri Bledu 35 | Slovenija | Evropa<\/p>\n<\/div>\n<p style=\"text-align: center;\">Telefon: +386 (0)41 76 80 54 Brigita | +386 (0)41 67 92 09 Janez<br \/> <a class=\"email\" href=\"mailto:info@pazlar-bled.com\">info@pazlar-bled.com<\/a><\/p>\n<p>[\/et_pb_text][\/et_pb_column][\/et_pb_row][\/et_pb_section]<\/p>\n","protected":false},"excerpt":{"rendered":"<p>Bled z okolico in naravnimi lepotami je eno najlep\u0161ih alpskih letovi\u0161\u010d, zna\u010dilno po blagem, zdravilnem podnebju in termalni jezerski vodi. Lepota gora odseva v jezerski gladini, sonce, mir in sve\u017e zrak vzbujajo izredno prijetne ob\u010dutke obiskovalcev v vsakem letnem \u010dasu in zagotavljajo idealne razmere za prijeten oddih ali dejavne po\u010ditnice. Bled privablja poslovne\u017ee, umetnike, \u0161portnike, [&hellip;]<\/p>\n","protected":false},"author":1,"featured_media":0,"parent":0,"menu_order":0,"comment_status":"closed","ping_status":"closed","template":"","meta":{"_et_pb_use_builder":"on","_et_pb_old_content":"","_et_gb_content_width":"","footnotes":""},"class_list":["post-83","page","type-page","status-publish","hentry"],"aioseo_notices":[],"_links":{"self":[{"href":"https:\/\/www.pletnabled.si\/sl\/wp-json\/wp\/v2\/pages\/83"}],"collection":[{"href":"https:\/\/www.pletnabled.si\/sl\/wp-json\/wp\/v2\/pages"}],"about":[{"href":"https:\/\/www.pletnabled.si\/sl\/wp-json\/wp\/v2\/types\/page"}],"author":[{"embeddable":true,"href":"https:\/\/www.pletnabled.si\/sl\/wp-json\/wp\/v2\/users\/1"}],"replies":[{"embeddable":true,"href":"https:\/\/www.pletnabled.si\/sl\/wp-json\/wp\/v2\/comments?post=83"}],"version-history":[{"count":9,"href":"https:\/\/www.pletnabled.si\/sl\/wp-json\/wp\/v2\/pages\/83\/revisions"}],"predecessor-version":[{"id":363,"href":"https:\/\/www.pletnabled.si\/sl\/wp-json\/wp\/v2\/pages\/83\/revisions\/363"}],"wp:attachment":[{"href":"https:\/\/www.pletnabled.si\/sl\/wp-json\/wp\/v2\/media?parent=83"}],"curies":[{"name":"wp","href":"https:\/\/api.w.org\/{rel}","templated":true}]}}